{"id":920,"date":"2022-02-12T12:05:50","date_gmt":"2022-02-12T12:05:50","guid":{"rendered":"https:\/\/goldenbrasilcoffee.ro\/?page_id=920"},"modified":"2022-02-12T14:31:03","modified_gmt":"2022-02-12T14:31:03","slug":"biologic","status":"publish","type":"page","link":"https:\/\/goldenbrasilcoffee.ro\/index.php\/biologic\/","title":{"rendered":"Biologic"},"content":{"rendered":"<p>[vc_row][vc_column]<div id=\"ultimate-heading-665769f1cd3f19491\" class=\"uvc-heading ult-adjust-bottom-margin ultimate-heading-665769f1cd3f19491 uvc-6388  uvc-heading-default-font-sizes\" data-hspacer=\"line_with_icon\" data-hline_width=\"100\" data-hicon_type=\"selector\" data-hborder_style=\"solid\" data-hborder_height=\"2\" data-hborder_color=\"#dd9933\" data-icon_width=\"32\" data-hfixer=\"10\"  data-halign=\"center\" style=\"text-align:center\"><div class=\"uvc-main-heading ult-responsive\"  data-ultimate-target='.uvc-heading.ultimate-heading-665769f1cd3f19491 h2'  data-responsive-json-new='{\"font-size\":\"\",\"line-height\":\"\"}' ><h2 style=\"--font-weight:theme;\">Biologic<\/h2><\/div><div class=\"uvc-heading-spacer line_with_icon\" style=\"topheight:32px;\"><div class=\"ult-just-icon-wrapper  \"><div class=\"align-icon\" style=\"text-align:center;\">\n<div class=\"aio-icon none \"  style=\"color:#dd9933;font-size:32px;display:inline-block;\">\n\t<i class=\"icomoon-fontawesome-16x16-bookmark\"><\/i>\n<\/div><\/div><\/div><\/div><\/div>[vc_column_text]<\/p>\n<p style=\"text-align: center;\"><strong><span>Amestecul<\/span><\/strong><\/p>\n<p style=\"text-align: center;\"><em><span>Dup\u0103 o cercetare atent\u0103 am creat primul espresso italian organic 80\/20, \u00een care notele aromatice \u0219i de ciocolat\u0103 ies \u00een eviden\u021b\u0103 un adev\u0103rat moment de pauz\u0103 natural\u0103<\/span><\/em><\/p>\n<div id=\"modulo50091\" class=\"infobox prodottiIntro\">\n<p style=\"text-align: center;\"><strong><span>1961 Organic Organic<\/span><\/strong><\/p>\n<p style=\"text-align: center;\"><em><span>Un amestec de boabe de cafea de uz profesional din agricultura ecologica, cu un profil de arome fantastice si un gust exceptional de intens, o cafea care respecta mediul in care este produsa si transformata.<\/span><\/em><\/p>\n<\/div>\n<p>[\/vc_column_text][\/vc_column][\/vc_row][vc_row][vc_column width=&#8221;1\/3&#8243;][vc_single_image image=&#8221;923&#8243; img_size=&#8221;full&#8221; alignment=&#8221;center&#8221; onclick=&#8221;custom_link&#8221; link=&#8221;https:\/\/goldenbrasilcoffee.ro\/index.php\/bio-organic-1kg\/&#8221;][vc_column_text]<\/p>\n<h4 style=\"text-align: center;\">1 Kg amestec<\/h4>\n<p>[\/vc_column_text][vc_column_text]<\/p>\n<p style=\"text-align: center;\">1961 Organic Biologico amestecul de \u00eenalt\u0103 calitate din agricultura ecologic\u0103 pentru a v\u0103 garanta toat\u0103 s\u0103n\u0103tatea cafelei organice \u0219i toat\u0103 calitatea pe care doar Golden Brasil Coffee \u021bi-o poate oferi.<\/p>\n<p>[\/vc_column_text][\/vc_column][vc_column width=&#8221;1\/3&#8243;][vc_single_image image=&#8221;924&#8243; img_size=&#8221;full&#8221; alignment=&#8221;center&#8221; onclick=&#8221;custom_link&#8221; link=&#8221;https:\/\/goldenbrasilcoffee.ro\/index.php\/peru\/&#8221;][vc_column_text]<\/p>\n<h4 style=\"text-align: center;\">Peru<\/h4>\n<p>[\/vc_column_text][vc_column_text]<\/p>\n<p style=\"text-align: center;\">1961 Organic Biologico cafeaua de origine unic\u0103 de \u00eenalt\u0103 calitate din agricultura ecologic\u0103 pentru a v\u0103 garanta toat\u0103 s\u0103n\u0103tatea cafelei organice \u0219i toat\u0103 calitatea pe care doar Golden Brasil Coffee \u021bi-o poate oferi.<\/p>\n<p>[\/vc_column_text][\/vc_column][vc_column width=&#8221;1\/3&#8243;][vc_single_image image=&#8221;925&#8243; img_size=&#8221;full&#8221; alignment=&#8221;center&#8221; onclick=&#8221;custom_link&#8221; link=&#8221;https:\/\/goldenbrasilcoffee.ro\/index.php\/bio-organic\/&#8221;][vc_column_text]<\/p>\n<h4 style=\"text-align: center;\">Bio Organic<\/h4>\n<p>[\/vc_column_text][vc_column_text]<\/p>\n<p style=\"text-align: center;\">1961 Organic Biologico cafeaua de origine unic\u0103 de \u00eenalt\u0103 calitate din agricultura ecologic\u0103 pentru a v\u0103 garanta toat\u0103 s\u0103n\u0103tatea cafelei organice \u0219i toat\u0103 calitatea pe care doar Golden Brasil Coffee \u021bi-o poate oferi.<\/p>\n<p>[\/vc_column_text][\/vc_column][\/vc_row][vc_row][vc_column width=&#8221;1\/3&#8243;][vc_single_image image=&#8221;926&#8243; img_size=&#8221;full&#8221; alignment=&#8221;center&#8221; onclick=&#8221;custom_link&#8221; link=&#8221;https:\/\/goldenbrasilcoffee.ro\/index.php\/honduras\/&#8221;][vc_column_text]<\/p>\n<h4 style=\"text-align: center;\">Honduras<\/h4>\n<p>[\/vc_column_text][vc_column_text]<\/p>\n<p style=\"text-align: center;\">1961 Organic Biologico cafeaua de origine unic\u0103 de \u00eenalt\u0103 calitate din agricultura ecologic\u0103 pentru a v\u0103 garanta toat\u0103 s\u0103n\u0103tatea cafelei organice \u0219i toat\u0103 calitatea pe care doar Golden Brasil Coffee \u021bi-o poate oferi.<\/p>\n<p>[\/vc_column_text][\/vc_column][\/vc_row]<\/p>\n","protected":false},"excerpt":{"rendered":"<p>[vc_row][vc_column][vc_column_text] Amestecul Dup\u0103 o cercetare atent\u0103 am creat primul espresso italian organic 80\/20, \u00een care notele aromatice \u0219i de ciocolat\u0103 ies \u00een eviden\u021b\u0103 un adev\u0103rat moment de pauz\u0103 natural\u0103 1961 Organic Organic Un amestec de boabe de cafea de uz profesional din agricultura ecologica, cu un profil de arome fantastice si un gust exceptional de&hellip;<\/p>\n","protected":false},"author":1,"featured_media":0,"parent":0,"menu_order":0,"comment_status":"closed","ping_status":"closed","template":"template-microsite.php","meta":{"footnotes":""},"class_list":["post-920","page","type-page","status-publish","hentry","description-off"],"_links":{"self":[{"href":"https:\/\/goldenbrasilcoffee.ro\/index.php\/wp-json\/wp\/v2\/pages\/920","targetHints":{"allow":["GET"]}}],"collection":[{"href":"https:\/\/goldenbrasilcoffee.ro\/index.php\/wp-json\/wp\/v2\/pages"}],"about":[{"href":"https:\/\/goldenbrasilcoffee.ro\/index.php\/wp-json\/wp\/v2\/types\/page"}],"author":[{"embeddable":true,"href":"https:\/\/goldenbrasilcoffee.ro\/index.php\/wp-json\/wp\/v2\/users\/1"}],"replies":[{"embeddable":true,"href":"https:\/\/goldenbrasilcoffee.ro\/index.php\/wp-json\/wp\/v2\/comments?post=920"}],"version-history":[{"count":8,"href":"https:\/\/goldenbrasilcoffee.ro\/index.php\/wp-json\/wp\/v2\/pages\/920\/revisions"}],"predecessor-version":[{"id":1141,"href":"https:\/\/goldenbrasilcoffee.ro\/index.php\/wp-json\/wp\/v2\/pages\/920\/revisions\/1141"}],"wp:attachment":[{"href":"https:\/\/goldenbrasilcoffee.ro\/index.php\/wp-json\/wp\/v2\/media?parent=920"}],"curies":[{"name":"wp","href":"https:\/\/api.w.org\/{rel}","templated":true}]}}