{"id":816,"date":"2022-02-10T19:06:15","date_gmt":"2022-02-10T19:06:15","guid":{"rendered":"https:\/\/goldenbrasilcoffee.ro\/?page_id=816"},"modified":"2022-02-10T19:10:23","modified_gmt":"2022-02-10T19:10:23","slug":"cursuri-si-tutoriale-video","status":"publish","type":"page","link":"https:\/\/goldenbrasilcoffee.ro\/index.php\/cursuri-si-tutoriale-video\/","title":{"rendered":"Cursuri \u0219i tutoriale video"},"content":{"rendered":"<p>[vc_row][vc_column width=&#8221;2\/3&#8243;]<div id=\"ultimate-heading-238669f1ceaeb45d5\" class=\"uvc-heading ult-adjust-bottom-margin ultimate-heading-238669f1ceaeb45d5 uvc-9660  uvc-heading-default-font-sizes\" data-hspacer=\"line_only\"  data-halign=\"center\" style=\"text-align:center\"><div class=\"uvc-main-heading ult-responsive\"  data-ultimate-target='.uvc-heading.ultimate-heading-238669f1ceaeb45d5 h2'  data-responsive-json-new='{\"font-size\":\"\",\"line-height\":\"\"}' ><h2 style=\"--font-weight:theme;\">Tutorial video<\/h2><\/div><div class=\"uvc-heading-spacer line_only\" style=\"topheight:1px;\"><span class=\"uvc-headings-line\" style=\"border-style:solid;border-bottom-width:1px;border-color:#e7b35a;width:1000px;\"><\/span><\/div><\/div>[vc_column_text]Golden Brasil Coffee, prin tutorialele video ale Academiei, explic\u0103 cu aten\u021bie pa\u0219ii pentru prepararea \u0219i ob\u021binerea oric\u0103rui tip de b\u0103utur\u0103 pe baz\u0103 de cafea, de la espresso la cappuccino.[\/vc_column_text][\/vc_column][vc_column width=&#8221;1\/3&#8243;][\/vc_column][\/vc_row][vc_row][vc_column width=&#8221;2\/3&#8243;][vc_row_inner][vc_column_inner width=&#8221;1\/2&#8243;][vc_video link=&#8221;https:\/\/www.youtube.com\/watch?v=e6Z9DGnqb4c&#8221;][vc_video link=&#8221;https:\/\/www.youtube.com\/watch?v=wpIW-yzOigk&#8221;][\/vc_column_inner][vc_column_inner width=&#8221;1\/2&#8243;][vc_video link=&#8221;https:\/\/www.youtube.com\/watch?v=V7yG3PaDz_8&#038;ab_channel=goldenbrasilcoffee&#8221;][vc_video link=&#8221;https:\/\/www.youtube.com\/watch?v=skBWv3mbpjI&#038;ab_channel=goldenbrasilcoffee&#8221;][\/vc_column_inner][\/vc_row_inner][\/vc_column][vc_column width=&#8221;1\/3&#8243;][\/vc_column][\/vc_row]<\/p>\n","protected":false},"excerpt":{"rendered":"<p>[vc_row][vc_column width=&#8221;2\/3&#8243;][vc_column_text]Golden Brasil Coffee, prin tutorialele video ale Academiei, explic\u0103 cu aten\u021bie pa\u0219ii pentru prepararea \u0219i ob\u021binerea oric\u0103rui tip de b\u0103utur\u0103 pe baz\u0103 de cafea, de la espresso la cappuccino.[\/vc_column_text][\/vc_column][vc_column width=&#8221;1\/3&#8243;][\/vc_column][\/vc_row][vc_row][vc_column width=&#8221;2\/3&#8243;][vc_row_inner][vc_column_inner width=&#8221;1\/2&#8243;][vc_video link=&#8221;https:\/\/www.youtube.com\/watch?v=e6Z9DGnqb4c&#8221;][vc_video link=&#8221;https:\/\/www.youtube.com\/watch?v=wpIW-yzOigk&#8221;][\/vc_column_inner][vc_column_inner width=&#8221;1\/2&#8243;][vc_video link=&#8221;https:\/\/www.youtube.com\/watch?v=V7yG3PaDz_8&#038;ab_channel=goldenbrasilcoffee&#8221;][vc_video link=&#8221;https:\/\/www.youtube.com\/watch?v=skBWv3mbpjI&#038;ab_channel=goldenbrasilcoffee&#8221;][\/vc_column_inner][\/vc_row_inner][\/vc_column][vc_column width=&#8221;1\/3&#8243;][\/vc_column][\/vc_row]<\/p>\n","protected":false},"author":1,"featured_media":0,"parent":0,"menu_order":0,"comment_status":"closed","ping_status":"closed","template":"template-microsite.php","meta":{"footnotes":""},"class_list":["post-816","page","type-page","status-publish","hentry","description-off"],"_links":{"self":[{"href":"https:\/\/goldenbrasilcoffee.ro\/index.php\/wp-json\/wp\/v2\/pages\/816","targetHints":{"allow":["GET"]}}],"collection":[{"href":"https:\/\/goldenbrasilcoffee.ro\/index.php\/wp-json\/wp\/v2\/pages"}],"about":[{"href":"https:\/\/goldenbrasilcoffee.ro\/index.php\/wp-json\/wp\/v2\/types\/page"}],"author":[{"embeddable":true,"href":"https:\/\/goldenbrasilcoffee.ro\/index.php\/wp-json\/wp\/v2\/users\/1"}],"replies":[{"embeddable":true,"href":"https:\/\/goldenbrasilcoffee.ro\/index.php\/wp-json\/wp\/v2\/comments?post=816"}],"version-history":[{"count":2,"href":"https:\/\/goldenbrasilcoffee.ro\/index.php\/wp-json\/wp\/v2\/pages\/816\/revisions"}],"predecessor-version":[{"id":818,"href":"https:\/\/goldenbrasilcoffee.ro\/index.php\/wp-json\/wp\/v2\/pages\/816\/revisions\/818"}],"wp:attachment":[{"href":"https:\/\/goldenbrasilcoffee.ro\/index.php\/wp-json\/wp\/v2\/media?parent=816"}],"curies":[{"name":"wp","href":"https:\/\/api.w.org\/{rel}","templated":true}]}}