{"id":1275,"date":"2022-02-12T19:42:01","date_gmt":"2022-02-12T19:42:01","guid":{"rendered":"https:\/\/goldenbrasilcoffee.ro\/?page_id=1275"},"modified":"2022-02-12T19:42:53","modified_gmt":"2022-02-12T19:42:53","slug":"espresso-express","status":"publish","type":"page","link":"https:\/\/goldenbrasilcoffee.ro\/index.php\/espresso-express\/","title":{"rendered":"ESPRESSO EXPRESS"},"content":{"rendered":"<p>[vc_row][vc_column width=&#8221;1\/2&#8243;]<div id=\"ultimate-heading-900269f1da8755601\" class=\"uvc-heading ult-adjust-bottom-margin ultimate-heading-900269f1da8755601 uvc-5503  uvc-heading-default-font-sizes\" data-hspacer=\"line_only\"  data-halign=\"center\" style=\"text-align:center\"><div class=\"uvc-main-heading ult-responsive\"  data-ultimate-target='.uvc-heading.ultimate-heading-900269f1da8755601 h2'  data-responsive-json-new='{\"font-size\":\"\",\"line-height\":\"\"}' ><h2 style=\"--font-weight:theme;\">ESPRESSO EXPRESS<\/h2><\/div><div class=\"uvc-heading-spacer line_only\" style=\"topheight:1px;\"><span class=\"uvc-headings-line\" style=\"border-style:solid;border-bottom-width:1px;border-color:#e7b35a;width:100px;\"><\/span><\/div><\/div>[vc_column_text]<\/p>\n<div id=\"ultimate-heading-5944620809cd395cf\" class=\"uvc-heading ult-adjust-bottom-margin ultimate-heading-5944620809cd395cf uvc-1693 uvc-heading-default-font-sizes\" data-hspacer=\"line_only\" data-halign=\"center\">\n<div class=\"uvc-sub-heading ult-responsive\" data-ultimate-target=\".uvc-heading.ultimate-heading-5944620809cd395cf .uvc-sub-heading \" data-responsive-json-new=\"{&quot;font-size&quot;:&quot;&quot;,&quot;line-height&quot;:&quot;&quot;}\">\n<div id=\"ultimate-heading-53562080a725de3f\" class=\"uvc-heading ult-adjust-bottom-margin ultimate-heading-53562080a725de3f uvc-1287 uvc-heading-default-font-sizes\" data-hspacer=\"line_only\" data-halign=\"center\">\n<div class=\"uvc-sub-heading ult-responsive\" data-ultimate-target=\".uvc-heading.ultimate-heading-53562080a725de3f .uvc-sub-heading \" data-responsive-json-new=\"{&quot;font-size&quot;:&quot;&quot;,&quot;line-height&quot;:&quot;&quot;}\">\n<div id=\"ultimate-heading-72062080ad0ed0e2\" class=\"uvc-heading ult-adjust-bottom-margin ultimate-heading-72062080ad0ed0e2 uvc-5303 uvc-heading-default-font-sizes\" data-hspacer=\"line_only\" data-halign=\"center\">\n<div class=\"uvc-sub-heading ult-responsive\" data-ultimate-target=\".uvc-heading.ultimate-heading-72062080ad0ed0e2 .uvc-sub-heading \" data-responsive-json-new=\"{&quot;font-size&quot;:&quot;&quot;,&quot;line-height&quot;:&quot;&quot;}\">\n<div id=\"ultimate-heading-948862080b470c55c\" class=\"uvc-heading ult-adjust-bottom-margin ultimate-heading-948862080b470c55c uvc-4767 uvc-heading-default-font-sizes\" data-hspacer=\"line_only\" data-halign=\"center\">\n<div class=\"uvc-sub-heading ult-responsive\" data-ultimate-target=\".uvc-heading.ultimate-heading-948862080b470c55c .uvc-sub-heading \" data-responsive-json-new=\"{&quot;font-size&quot;:&quot;&quot;,&quot;line-height&quot;:&quot;&quot;}\">\n<div id=\"ultimate-heading-210062080ba08f155\" class=\"uvc-heading ult-adjust-bottom-margin ultimate-heading-210062080ba08f155 uvc-5133 uvc-heading-default-font-sizes\" data-hspacer=\"line_only\" data-halign=\"center\">\n<div class=\"uvc-sub-heading ult-responsive\" data-ultimate-target=\".uvc-heading.ultimate-heading-210062080ba08f155 .uvc-sub-heading \" data-responsive-json-new=\"{&quot;font-size&quot;:&quot;&quot;,&quot;line-height&quot;:&quot;&quot;}\">\n<div id=\"ultimate-heading-287462080bf3770e8\" class=\"uvc-heading ult-adjust-bottom-margin ultimate-heading-287462080bf3770e8 uvc-1275 uvc-heading-default-font-sizes\" data-hspacer=\"line_only\" data-halign=\"center\">\n<div class=\"uvc-sub-heading ult-responsive\" data-ultimate-target=\".uvc-heading.ultimate-heading-287462080bf3770e8 .uvc-sub-heading \" data-responsive-json-new=\"{&quot;font-size&quot;:&quot;&quot;,&quot;line-height&quot;:&quot;&quot;}\">\n<div id=\"ultimate-heading-668462080c5a8dc11\" class=\"uvc-heading ult-adjust-bottom-margin ultimate-heading-668462080c5a8dc11 uvc-3484 uvc-heading-default-font-sizes\" data-hspacer=\"line_only\" data-halign=\"center\">\n<div class=\"uvc-sub-heading ult-responsive\" data-ultimate-target=\".uvc-heading.ultimate-heading-668462080c5a8dc11 .uvc-sub-heading \" data-responsive-json-new=\"{&quot;font-size&quot;:&quot;&quot;,&quot;line-height&quot;:&quot;&quot;}\">\n<div id=\"ultimate-heading-235362080c9318577\" class=\"uvc-heading ult-adjust-bottom-margin ultimate-heading-235362080c9318577 uvc-9782 uvc-heading-default-font-sizes\" data-hspacer=\"line_only\" data-halign=\"center\">\n<div class=\"uvc-sub-heading ult-responsive\" data-ultimate-target=\".uvc-heading.ultimate-heading-235362080c9318577 .uvc-sub-heading \" data-responsive-json-new=\"{&quot;font-size&quot;:&quot;&quot;,&quot;line-height&quot;:&quot;&quot;}\">\n<div id=\"ultimate-heading-333062080d292dac9\" class=\"uvc-heading ult-adjust-bottom-margin ultimate-heading-333062080d292dac9 uvc-4853 uvc-heading-default-font-sizes\" data-hspacer=\"line_only\" data-halign=\"center\">\n<div class=\"uvc-sub-heading ult-responsive\" data-ultimate-target=\".uvc-heading.ultimate-heading-333062080d292dac9 .uvc-sub-heading \" data-responsive-json-new=\"{&quot;font-size&quot;:&quot;&quot;,&quot;line-height&quot;:&quot;&quot;}\">\n<p><span>Suntem \u00eenc\u00e2nta\u021bi s\u0103 v\u0103 prezent\u0103m una dintre ultimele noastre \u0219tiri: Espresso Express<\/span><\/p>\n<p><span>Un espresso dintr-o singur\u0103 por\u021bie \u00eentr-un plic, de luat oriunde dori\u021bi!<\/span><\/p>\n<p><span>Plicul contine o portie de espresso dulce si catifelat, de luat oriunde, pentru a nu pierde niciodata pofta de o cafea buna.<\/span><\/p>\n<p><span>Cum se utilizeaz\u0103:<\/span><\/p>\n<p><span>trage\u021bi una dintre cele dou\u0103 clape punctate, l\u0103s\u00e2nd paiele expuse pentru a bea cafeaua direct din plic \u0219i aspira\u021bi.<\/span><\/p>\n<p><span>Espresso Express poate fi b\u0103ut fie cald, fie rece, fie la temperatura camerei.<\/span><\/p>\n<p>&nbsp;<\/p>\n<p><span>DISPONIBIL \u00ceN AFI\u0218ARE DE 24 DE SACI SINGLE<\/span><\/p>\n<\/div>\n<\/div>\n<\/div>\n<\/div>\n<\/div>\n<\/div>\n<\/div>\n<\/div>\n<\/div>\n<\/div>\n<\/div>\n<\/div>\n<\/div>\n<\/div>\n<\/div>\n<\/div>\n<\/div>\n<\/div>\n<p>[\/vc_column_text][\/vc_column][vc_column width=&#8221;1\/2&#8243;][vc_single_image image=&#8221;1278&#8243; img_size=&#8221;full&#8221; alignment=&#8221;center&#8221;][\/vc_column][\/vc_row]<\/p>\n","protected":false},"excerpt":{"rendered":"<p>[vc_row][vc_column width=&#8221;1\/2&#8243;][vc_column_text] Suntem \u00eenc\u00e2nta\u021bi s\u0103 v\u0103 prezent\u0103m una dintre ultimele noastre \u0219tiri: Espresso Express Un espresso dintr-o singur\u0103 por\u021bie \u00eentr-un plic, de luat oriunde dori\u021bi! Plicul contine o portie de espresso dulce si catifelat, de luat oriunde, pentru a nu pierde niciodata pofta de o cafea buna. Cum se utilizeaz\u0103: trage\u021bi una dintre cele dou\u0103&hellip;<\/p>\n","protected":false},"author":1,"featured_media":0,"parent":0,"menu_order":0,"comment_status":"closed","ping_status":"closed","template":"template-microsite.php","meta":{"footnotes":""},"class_list":["post-1275","page","type-page","status-publish","hentry","description-off"],"_links":{"self":[{"href":"https:\/\/goldenbrasilcoffee.ro\/index.php\/wp-json\/wp\/v2\/pages\/1275","targetHints":{"allow":["GET"]}}],"collection":[{"href":"https:\/\/goldenbrasilcoffee.ro\/index.php\/wp-json\/wp\/v2\/pages"}],"about":[{"href":"https:\/\/goldenbrasilcoffee.ro\/index.php\/wp-json\/wp\/v2\/types\/page"}],"author":[{"embeddable":true,"href":"https:\/\/goldenbrasilcoffee.ro\/index.php\/wp-json\/wp\/v2\/users\/1"}],"replies":[{"embeddable":true,"href":"https:\/\/goldenbrasilcoffee.ro\/index.php\/wp-json\/wp\/v2\/comments?post=1275"}],"version-history":[{"count":2,"href":"https:\/\/goldenbrasilcoffee.ro\/index.php\/wp-json\/wp\/v2\/pages\/1275\/revisions"}],"predecessor-version":[{"id":1279,"href":"https:\/\/goldenbrasilcoffee.ro\/index.php\/wp-json\/wp\/v2\/pages\/1275\/revisions\/1279"}],"wp:attachment":[{"href":"https:\/\/goldenbrasilcoffee.ro\/index.php\/wp-json\/wp\/v2\/media?parent=1275"}],"curies":[{"name":"wp","href":"https:\/\/api.w.org\/{rel}","templated":true}]}}