{"id":1201,"date":"2022-02-12T15:02:06","date_gmt":"2022-02-12T15:02:06","guid":{"rendered":"https:\/\/goldenbrasilcoffee.ro\/?page_id=1201"},"modified":"2022-02-12T15:04:10","modified_gmt":"2022-02-12T15:04:10","slug":"decaffeinato","status":"publish","type":"page","link":"https:\/\/goldenbrasilcoffee.ro\/index.php\/decaffeinato\/","title":{"rendered":"Decaffeinato"},"content":{"rendered":"<p>[vc_row][vc_column width=&#8221;1\/2&#8243;]<div id=\"ultimate-heading-374869f1dd3be2935\" class=\"uvc-heading ult-adjust-bottom-margin ultimate-heading-374869f1dd3be2935 uvc-7362  uvc-heading-default-font-sizes\" data-hspacer=\"line_only\"  data-halign=\"center\" style=\"text-align:center\"><div class=\"uvc-main-heading ult-responsive\"  data-ultimate-target='.uvc-heading.ultimate-heading-374869f1dd3be2935 h2'  data-responsive-json-new='{\"font-size\":\"\",\"line-height\":\"\"}' ><h2 style=\"--font-weight:theme;\">Decaffeinato<\/h2><\/div><div class=\"uvc-heading-spacer line_only\" style=\"topheight:1px;\"><span class=\"uvc-headings-line\" style=\"border-style:solid;border-bottom-width:1px;border-color:#e7b35a;width:100px;\"><\/span><\/div><\/div>[vc_column_text]<span>Armonie, corp, arom\u0103 \u0219i gust.<\/span><br \/>\n<span>Unirea este astfel compus\u0103 pentru amestecul cel mai complex.\u00a0Ajunse la caracteristicile unice ale espresso-ului \u0219i aroma sa inconfundabil\u0103, plec\u00e2nd de la un principiu de beneficiu \u0219i travers\u00e2nd un concept de gust pur \u0219i s\u0103n\u0103tos, ajungem la solu\u021bia selectat\u0103 de Arditi Decaffeinato (con\u021binut de cofein\u0103 care nu dep\u0103\u0219e\u0219te 0,10%, \u00een conformitate cu legisla\u021bia). privind reglementarea produc\u0163iei \u015fi comer\u0163ului cafelei decofeinizate, DM 20\/05\/1976).<\/span>[\/vc_column_text][vc_single_image image=&#8221;1204&#8243; img_size=&#8221;full&#8221; alignment=&#8221;center&#8221;][\/vc_column][vc_column width=&#8221;1\/2&#8243;][vc_single_image image=&#8221;1203&#8243; img_size=&#8221;full&#8221; alignment=&#8221;center&#8221;][\/vc_column][\/vc_row][vc_row][vc_column][vc_row_inner][vc_column_inner width=&#8221;1\/3&#8243;][vc_column_text]<\/p>\n<h2 class=\"wpb_heading wpb_progress_bar_heading\" style=\"text-align: center;\"><span>INFOGRAFIE<\/span><\/h2>\n<p>[\/vc_column_text][vc_progress_bar values=&#8221;%5B%7B%22label%22%3A%22Corpul%20b%C4%83uturii%22%2C%22value%22%3A%2295%22%7D%2C%7B%22label%22%3A%22Pr%C4%83jirea%22%2C%22value%22%3A%2260%22%7D%2C%7B%22label%22%3A%22Con%C8%9Binut%20mediu%20de%20cofein%C4%83%22%2C%22value%22%3A%2210%22%7D%5D&#8221; options=&#8221;striped&#8221;][\/vc_column_inner][vc_column_inner width=&#8221;1\/3&#8243;][vc_column_text]<\/p>\n<h2 class=\"wpb_heading\" style=\"text-align: center;\"><span>NOTE AROMATE<\/span><\/h2>\n<p>[\/vc_column_text][vc_line_chart x_values=&#8221;SPEZIATE; CIOCCOLATA; FRUTTATO; FLOREALI;&#8221; values=&#8221;%5B%7B%22title%22%3A%22%25%20Note%20aromatiche%22%2C%22y_values%22%3A%2220%3B%2020%3B%2050%3B%2020%3B%22%2C%22color%22%3A%22orange%22%7D%5D&#8221;][\/vc_column_inner][vc_column_inner width=&#8221;1\/3&#8243;][vc_column_text]<\/p>\n<h2 class=\"wpb_heading wpb_progress_bar_heading\" style=\"text-align: center;\"><span>PROFIL ORGANOLEPTIC<\/span><\/h2>\n<p>[\/vc_column_text][vc_progress_bar values=&#8221;%5B%7B%22label%22%3A%22AROMATICITATE%22%2C%22value%22%3A%2280%22%7D%2C%7B%22label%22%3A%22CORP%22%2C%22value%22%3A%22100%22%7D%2C%7B%22label%22%3A%22INTENSITATE&#8217;%22%2C%22value%22%3A%2280%22%7D%5D&#8221; caption_pos=&#8221;top&#8221;][\/vc_column_inner][\/vc_row_inner][\/vc_column][\/vc_row]<\/p>\n","protected":false},"excerpt":{"rendered":"<p>[vc_row][vc_column width=&#8221;1\/2&#8243;][vc_column_text]Armonie, corp, arom\u0103 \u0219i gust. Unirea este astfel compus\u0103 pentru amestecul cel mai complex.\u00a0Ajunse la caracteristicile unice ale espresso-ului \u0219i aroma sa inconfundabil\u0103, plec\u00e2nd de la un principiu de beneficiu \u0219i travers\u00e2nd un concept de gust pur \u0219i s\u0103n\u0103tos, ajungem la solu\u021bia selectat\u0103 de Arditi Decaffeinato (con\u021binut de cofein\u0103 care nu dep\u0103\u0219e\u0219te 0,10%, \u00een&hellip;<\/p>\n","protected":false},"author":1,"featured_media":0,"parent":0,"menu_order":0,"comment_status":"closed","ping_status":"closed","template":"template-microsite.php","meta":{"footnotes":""},"class_list":["post-1201","page","type-page","status-publish","hentry","description-off"],"_links":{"self":[{"href":"https:\/\/goldenbrasilcoffee.ro\/index.php\/wp-json\/wp\/v2\/pages\/1201","targetHints":{"allow":["GET"]}}],"collection":[{"href":"https:\/\/goldenbrasilcoffee.ro\/index.php\/wp-json\/wp\/v2\/pages"}],"about":[{"href":"https:\/\/goldenbrasilcoffee.ro\/index.php\/wp-json\/wp\/v2\/types\/page"}],"author":[{"embeddable":true,"href":"https:\/\/goldenbrasilcoffee.ro\/index.php\/wp-json\/wp\/v2\/users\/1"}],"replies":[{"embeddable":true,"href":"https:\/\/goldenbrasilcoffee.ro\/index.php\/wp-json\/wp\/v2\/comments?post=1201"}],"version-history":[{"count":2,"href":"https:\/\/goldenbrasilcoffee.ro\/index.php\/wp-json\/wp\/v2\/pages\/1201\/revisions"}],"predecessor-version":[{"id":1205,"href":"https:\/\/goldenbrasilcoffee.ro\/index.php\/wp-json\/wp\/v2\/pages\/1201\/revisions\/1205"}],"wp:attachment":[{"href":"https:\/\/goldenbrasilcoffee.ro\/index.php\/wp-json\/wp\/v2\/media?parent=1201"}],"curies":[{"name":"wp","href":"https:\/\/api.w.org\/{rel}","templated":true}]}}