{"id":1194,"date":"2022-02-12T14:58:39","date_gmt":"2022-02-12T14:58:39","guid":{"rendered":"https:\/\/goldenbrasilcoffee.ro\/?page_id=1194"},"modified":"2022-02-12T15:01:31","modified_gmt":"2022-02-12T15:01:31","slug":"filter-coffee-2","status":"publish","type":"page","link":"https:\/\/goldenbrasilcoffee.ro\/index.php\/filter-coffee-2\/","title":{"rendered":"Filter coffee"},"content":{"rendered":"<p>[vc_row][vc_column width=&#8221;1\/2&#8243;]<div id=\"ultimate-heading-566069f1dd6599f58\" class=\"uvc-heading ult-adjust-bottom-margin ultimate-heading-566069f1dd6599f58 uvc-5251  uvc-heading-default-font-sizes\" data-hspacer=\"line_only\"  data-halign=\"center\" style=\"text-align:center\"><div class=\"uvc-main-heading ult-responsive\"  data-ultimate-target='.uvc-heading.ultimate-heading-566069f1dd6599f58 h2'  data-responsive-json-new='{\"font-size\":\"\",\"line-height\":\"\"}' ><h2 style=\"--font-weight:theme;\">Filter coffee<\/h2><\/div><div class=\"uvc-heading-spacer line_only\" style=\"topheight:1px;\"><span class=\"uvc-headings-line\" style=\"border-style:solid;border-bottom-width:1px;border-color:#e7b35a;width:100px;\"><\/span><\/div><\/div>[vc_column_text]<span>Filter Coffee, Arditi, o fuziune extrem \u0219i atent echilibrat\u0103, printre cele mai bune selec\u021bii de cafea Arabica.\u00a0<\/span><span>Printr-un echilibru \u00eentre gust \u0219i senza\u021bie, ajungem la nevoile unice ale Filter Coffee.\u00a0<\/span><span>O b\u0103utur\u0103 cu corp sc\u0103zut \u0219i p\u00e2ine pr\u0103jit\u0103 u\u0219oar\u0103, cu profil aromatic floral \u0219i fructat cu note de p\u00e2ine pr\u0103jit\u0103.<\/span>[\/vc_column_text][vc_single_image image=&#8221;1197&#8243; img_size=&#8221;full&#8221; alignment=&#8221;center&#8221;][vc_column_text]<\/p>\n<div class=\"wpb_column vc_column_container vc_col-sm-6\">\n<div class=\"vc_column-inner\">\n<div class=\"wpb_wrapper\">\n<div class=\"wpb_text_column wpb_content_element \">\n<div class=\"wpb_wrapper\">\n<div class=\"contenuti\" style=\"text-align: center;\"><strong><span class=\"titolo\"><span>Amestecuri \u0219i origini:<\/span><\/span><\/strong><br \/>\n<span class=\"testo\"><span>Arabica natural\u0103 din Brazilia, Arabica din<\/span><br \/>\n<span>America Central\u0103 de \u00eenalt\u0103 calitate selectat\u0103 cu robusta african\u0103 \u0219i indian\u0103.<\/span><\/span><\/div>\n<\/div>\n<\/div>\n<\/div>\n<\/div>\n<\/div>\n<p>[\/vc_column_text][\/vc_column][vc_column width=&#8221;1\/2&#8243;][vc_single_image image=&#8221;1196&#8243; img_size=&#8221;full&#8221; alignment=&#8221;center&#8221;][\/vc_column][\/vc_row][vc_row][vc_column][vc_row_inner][vc_column_inner width=&#8221;1\/3&#8243;][vc_column_text]<\/p>\n<h2 class=\"wpb_heading wpb_progress_bar_heading\" style=\"text-align: center;\"><span>INFOGRAFIE<\/span><\/h2>\n<p>[\/vc_column_text][vc_progress_bar values=&#8221;%5B%7B%22label%22%3A%22Corpul%20b%C4%83uturii%22%2C%22value%22%3A%2220%22%7D%2C%7B%22label%22%3A%22Pr%C4%83jirea%22%2C%22value%22%3A%2220%22%7D%2C%7B%22label%22%3A%22Con%C8%9Binut%20mediu%20de%20cofein%C4%83%22%2C%22value%22%3A%2250%22%7D%5D&#8221; options=&#8221;striped&#8221;][\/vc_column_inner][vc_column_inner width=&#8221;1\/3&#8243;][vc_column_text]<\/p>\n<h2 class=\"wpb_heading\" style=\"text-align: center;\"><span>NOTE AROMATE<\/span><\/h2>\n<p>[\/vc_column_text][vc_line_chart x_values=&#8221;SPEZIATE; CIOCCOLATA; FRUTTATO; FLOREALI;&#8221; values=&#8221;%5B%7B%22title%22%3A%22%25%20Note%20aromatiche%22%2C%22y_values%22%3A%2230%3B%2010%3B%2020%3B%2040%3B%22%2C%22color%22%3A%22orange%22%7D%5D&#8221;][\/vc_column_inner][vc_column_inner width=&#8221;1\/3&#8243;][vc_column_text]<\/p>\n<h2 class=\"wpb_heading wpb_progress_bar_heading\" style=\"text-align: center;\"><span>PROFIL ORGANOLEPTIC<\/span><\/h2>\n<p>[\/vc_column_text][vc_progress_bar values=&#8221;%5B%7B%22label%22%3A%22AROMATICITATE%22%2C%22value%22%3A%2280%22%7D%2C%7B%22label%22%3A%22CORP%22%2C%22value%22%3A%2280%22%7D%2C%7B%22label%22%3A%22INTENSITATE&#8217;%22%2C%22value%22%3A%2240%22%7D%5D&#8221; caption_pos=&#8221;top&#8221;][\/vc_column_inner][\/vc_row_inner][\/vc_column][\/vc_row]<\/p>\n","protected":false},"excerpt":{"rendered":"<p>[vc_row][vc_column width=&#8221;1\/2&#8243;][vc_column_text]Filter Coffee, Arditi, o fuziune extrem \u0219i atent echilibrat\u0103, printre cele mai bune selec\u021bii de cafea Arabica.\u00a0Printr-un echilibru \u00eentre gust \u0219i senza\u021bie, ajungem la nevoile unice ale Filter Coffee.\u00a0O b\u0103utur\u0103 cu corp sc\u0103zut \u0219i p\u00e2ine pr\u0103jit\u0103 u\u0219oar\u0103, cu profil aromatic floral \u0219i fructat cu note de p\u00e2ine pr\u0103jit\u0103.[\/vc_column_text][vc_single_image image=&#8221;1197&#8243; img_size=&#8221;full&#8221; alignment=&#8221;center&#8221;][vc_column_text] Amestecuri \u0219i origini:&hellip;<\/p>\n","protected":false},"author":1,"featured_media":0,"parent":0,"menu_order":0,"comment_status":"closed","ping_status":"closed","template":"template-microsite.php","meta":{"footnotes":""},"class_list":["post-1194","page","type-page","status-publish","hentry","description-off"],"_links":{"self":[{"href":"https:\/\/goldenbrasilcoffee.ro\/index.php\/wp-json\/wp\/v2\/pages\/1194","targetHints":{"allow":["GET"]}}],"collection":[{"href":"https:\/\/goldenbrasilcoffee.ro\/index.php\/wp-json\/wp\/v2\/pages"}],"about":[{"href":"https:\/\/goldenbrasilcoffee.ro\/index.php\/wp-json\/wp\/v2\/types\/page"}],"author":[{"embeddable":true,"href":"https:\/\/goldenbrasilcoffee.ro\/index.php\/wp-json\/wp\/v2\/users\/1"}],"replies":[{"embeddable":true,"href":"https:\/\/goldenbrasilcoffee.ro\/index.php\/wp-json\/wp\/v2\/comments?post=1194"}],"version-history":[{"count":3,"href":"https:\/\/goldenbrasilcoffee.ro\/index.php\/wp-json\/wp\/v2\/pages\/1194\/revisions"}],"predecessor-version":[{"id":1199,"href":"https:\/\/goldenbrasilcoffee.ro\/index.php\/wp-json\/wp\/v2\/pages\/1194\/revisions\/1199"}],"wp:attachment":[{"href":"https:\/\/goldenbrasilcoffee.ro\/index.php\/wp-json\/wp\/v2\/media?parent=1194"}],"curies":[{"name":"wp","href":"https:\/\/api.w.org\/{rel}","templated":true}]}}