{"id":1188,"date":"2022-02-12T14:54:41","date_gmt":"2022-02-12T14:54:41","guid":{"rendered":"https:\/\/goldenbrasilcoffee.ro\/?page_id=1188"},"modified":"2022-02-12T14:57:21","modified_gmt":"2022-02-12T14:57:21","slug":"pura-follia-3","status":"publish","type":"page","link":"https:\/\/goldenbrasilcoffee.ro\/index.php\/pura-follia-3\/","title":{"rendered":"Pura Follia"},"content":{"rendered":"<p>[vc_row][vc_column width=&#8221;1\/2&#8243;]<div id=\"ultimate-heading-537169f1e0e646a85\" class=\"uvc-heading ult-adjust-bottom-margin ultimate-heading-537169f1e0e646a85 uvc-1932  uvc-heading-default-font-sizes\" data-hspacer=\"line_only\"  data-halign=\"center\" style=\"text-align:center\"><div class=\"uvc-main-heading ult-responsive\"  data-ultimate-target='.uvc-heading.ultimate-heading-537169f1e0e646a85 h2'  data-responsive-json-new='{\"font-size\":\"\",\"line-height\":\"\"}' ><h2 style=\"--font-weight:theme;\">Pura Follia<\/h2><\/div><div class=\"uvc-heading-spacer line_only\" style=\"topheight:1px;\"><span class=\"uvc-headings-line\" style=\"border-style:solid;border-bottom-width:1px;border-color:#e7b35a;width:100px;\"><\/span><\/div><\/div>[vc_column_text]O fuziune extrem \u0219i atent echilibrat\u0103 a celor mai bune selec\u021bii de cafea Arabica, v\u0103 permit s\u0103 atinge\u021bi nevoile unice ale espressoului italian printr-un echilibru \u00eentre gust \u0219i senza\u021bie, Pura Follia reu\u0219e\u0219te s\u0103 ating\u0103 scopul: s\u0103 \u00eembine cremositatea \u0219i gustul.[\/vc_column_text][vc_single_image image=&#8221;1191&#8243; img_size=&#8221;full&#8221; alignment=&#8221;center&#8221;][vc_column_text]<\/p>\n<div class=\"wpb_column vc_column_container vc_col-sm-6\">\n<div class=\"vc_column-inner\">\n<div class=\"wpb_wrapper\">\n<div class=\"wpb_text_column wpb_content_element \">\n<div class=\"wpb_wrapper\">\n<div class=\"contenuti\" style=\"text-align: center;\"><strong><span class=\"titolo\"><span>Amestecuri \u0219i origini:<\/span><\/span><\/strong><br \/>\n<span class=\"testo\"><span>Arabica natural\u0103 din Brazilia, Arabica din<\/span><br \/>\n<span>America Central\u0103 de \u00eenalt\u0103 calitate selectat\u0103 cu robusta african\u0103 \u0219i indian\u0103.<\/span><\/span><\/div>\n<\/div>\n<\/div>\n<\/div>\n<\/div>\n<\/div>\n<p>[\/vc_column_text][\/vc_column][vc_column width=&#8221;1\/2&#8243;][vc_single_image image=&#8221;1190&#8243; img_size=&#8221;full&#8221; alignment=&#8221;center&#8221;][\/vc_column][\/vc_row][vc_row][vc_column][vc_row_inner][vc_column_inner width=&#8221;1\/3&#8243;][vc_column_text]<\/p>\n<h2 class=\"wpb_heading wpb_progress_bar_heading\" style=\"text-align: center;\"><span>INFOGRAFIE<\/span><\/h2>\n<p>[\/vc_column_text][vc_progress_bar values=&#8221;%5B%7B%22label%22%3A%22Corpul%20b%C4%83uturii%22%2C%22value%22%3A%2280%22%7D%2C%7B%22label%22%3A%22Pr%C4%83jirea%22%2C%22value%22%3A%2280%22%7D%2C%7B%22label%22%3A%22Con%C8%9Binut%20mediu%20de%20cofein%C4%83%22%2C%22value%22%3A%2280%22%7D%5D&#8221; options=&#8221;striped&#8221;][\/vc_column_inner][vc_column_inner width=&#8221;1\/3&#8243;][vc_column_text]<\/p>\n<h2 class=\"wpb_heading\" style=\"text-align: center;\"><span>NOTE AROMATE<\/span><\/h2>\n<p>[\/vc_column_text][vc_line_chart x_values=&#8221;SPEZIATE; CIOCCOLATA; FRUTTATO; FLOREALI;&#8221; values=&#8221;%5B%7B%22title%22%3A%22%25%20Note%20aromatiche%22%2C%22y_values%22%3A%2220%3B%2040%3B%2020%3B%2020%3B%22%2C%22color%22%3A%22orange%22%7D%5D&#8221;][\/vc_column_inner][vc_column_inner width=&#8221;1\/3&#8243;][vc_column_text]<\/p>\n<h2 class=\"wpb_heading wpb_progress_bar_heading\" style=\"text-align: center;\"><span>PROFIL ORGANOLEPTIC<\/span><\/h2>\n<p>[\/vc_column_text][vc_progress_bar values=&#8221;%5B%7B%22label%22%3A%22AROMATICITATE%22%2C%22value%22%3A%2290%22%7D%2C%7B%22label%22%3A%22CORP%22%2C%22value%22%3A%2255%22%7D%2C%7B%22label%22%3A%22INTENSITATE&#8217;%22%2C%22value%22%3A%2240%22%7D%5D&#8221; caption_pos=&#8221;top&#8221;][\/vc_column_inner][\/vc_row_inner][\/vc_column][\/vc_row]<\/p>\n","protected":false},"excerpt":{"rendered":"<p>[vc_row][vc_column width=&#8221;1\/2&#8243;][vc_column_text]O fuziune extrem \u0219i atent echilibrat\u0103 a celor mai bune selec\u021bii de cafea Arabica, v\u0103 permit s\u0103 atinge\u021bi nevoile unice ale espressoului italian printr-un echilibru \u00eentre gust \u0219i senza\u021bie, Pura Follia reu\u0219e\u0219te s\u0103 ating\u0103 scopul: s\u0103 \u00eembine cremositatea \u0219i gustul.[\/vc_column_text][vc_single_image image=&#8221;1191&#8243; img_size=&#8221;full&#8221; alignment=&#8221;center&#8221;][vc_column_text] Amestecuri \u0219i origini: Arabica natural\u0103 din Brazilia, Arabica din America Central\u0103&hellip;<\/p>\n","protected":false},"author":1,"featured_media":0,"parent":0,"menu_order":0,"comment_status":"closed","ping_status":"closed","template":"template-microsite.php","meta":{"footnotes":""},"class_list":["post-1188","page","type-page","status-publish","hentry","description-off"],"_links":{"self":[{"href":"https:\/\/goldenbrasilcoffee.ro\/index.php\/wp-json\/wp\/v2\/pages\/1188","targetHints":{"allow":["GET"]}}],"collection":[{"href":"https:\/\/goldenbrasilcoffee.ro\/index.php\/wp-json\/wp\/v2\/pages"}],"about":[{"href":"https:\/\/goldenbrasilcoffee.ro\/index.php\/wp-json\/wp\/v2\/types\/page"}],"author":[{"embeddable":true,"href":"https:\/\/goldenbrasilcoffee.ro\/index.php\/wp-json\/wp\/v2\/users\/1"}],"replies":[{"embeddable":true,"href":"https:\/\/goldenbrasilcoffee.ro\/index.php\/wp-json\/wp\/v2\/comments?post=1188"}],"version-history":[{"count":2,"href":"https:\/\/goldenbrasilcoffee.ro\/index.php\/wp-json\/wp\/v2\/pages\/1188\/revisions"}],"predecessor-version":[{"id":1192,"href":"https:\/\/goldenbrasilcoffee.ro\/index.php\/wp-json\/wp\/v2\/pages\/1188\/revisions\/1192"}],"wp:attachment":[{"href":"https:\/\/goldenbrasilcoffee.ro\/index.php\/wp-json\/wp\/v2\/media?parent=1188"}],"curies":[{"name":"wp","href":"https:\/\/api.w.org\/{rel}","templated":true}]}}