{"id":1181,"date":"2022-02-12T14:50:20","date_gmt":"2022-02-12T14:50:20","guid":{"rendered":"https:\/\/goldenbrasilcoffee.ro\/?page_id=1181"},"modified":"2022-02-12T14:52:35","modified_gmt":"2022-02-12T14:52:35","slug":"colombia","status":"publish","type":"page","link":"https:\/\/goldenbrasilcoffee.ro\/index.php\/colombia\/","title":{"rendered":"Colombia"},"content":{"rendered":"<p>[vc_row][vc_column width=&#8221;1\/2&#8243;]<div id=\"ultimate-heading-90969f1ceeae0aea\" class=\"uvc-heading ult-adjust-bottom-margin ultimate-heading-90969f1ceeae0aea uvc-7275  uvc-heading-default-font-sizes\" data-hspacer=\"line_only\"  data-halign=\"center\" style=\"text-align:center\"><div class=\"uvc-main-heading ult-responsive\"  data-ultimate-target='.uvc-heading.ultimate-heading-90969f1ceeae0aea h2'  data-responsive-json-new='{\"font-size\":\"\",\"line-height\":\"\"}' ><h2 style=\"--font-weight:theme;\">Colombia<\/h2><\/div><div class=\"uvc-sub-heading ult-responsive\"  data-ultimate-target='.uvc-heading.ultimate-heading-90969f1ceeae0aea .uvc-sub-heading '  data-responsive-json-new='{\"font-size\":\"\",\"line-height\":\"\"}'  style=\"font-weight:normal;\">Arabica 100%<\/div><div class=\"uvc-heading-spacer line_only\" style=\"topheight:1px;\"><span class=\"uvc-headings-line\" style=\"border-style:solid;border-bottom-width:1px;border-color:#e7b35a;width:100px;\"><\/span><\/div><\/div>[vc_column_text]<em><span>Columbian Women Coffee Project este o cafea de specialitate produs\u0103 de o cooperativ\u0103 social\u0103 columbian\u0103 care asociaz\u0103 exclusiv femei, direct implicate \u00een produc\u021bia de cafea.\u00a0<\/span><\/em><\/p>\n<p><em><span>Soiurile de Castillo, Columbia \u0219i Caturra care alc\u0103tuiesc acest lot cresc \u00een plin soare.\u00a0Recoltarea se face manual si procesata cu o fermentatie de 24 de ore.\u00a0Ulterior, boabele de acum spergaminato sunt l\u0103sate s\u0103 se usuce sub soare pe paturi africane.<\/span><\/em><\/p>\n<p><em><span>Note senzoriale: mar, smochine, caramel, cacao neagra.<\/span><\/em>[\/vc_column_text][vc_single_image image=&#8221;1185&#8243; img_size=&#8221;full&#8221; alignment=&#8221;center&#8221;][\/vc_column][vc_column width=&#8221;1\/2&#8243;][vc_single_image image=&#8221;1184&#8243; img_size=&#8221;full&#8221; alignment=&#8221;center&#8221;][\/vc_column][\/vc_row][vc_row][vc_column][vc_row_inner][vc_column_inner width=&#8221;1\/3&#8243;][vc_column_text]<\/p>\n<h2 class=\"wpb_heading wpb_progress_bar_heading\" style=\"text-align: center;\"><span>INFOGRAFIE<\/span><\/h2>\n<p>[\/vc_column_text][vc_progress_bar values=&#8221;%5B%7B%22label%22%3A%22Corpul%20b%C4%83uturii%22%2C%22value%22%3A%2295%22%7D%2C%7B%22label%22%3A%22Pr%C4%83jirea%22%2C%22value%22%3A%2260%22%7D%2C%7B%22label%22%3A%22Con%C8%9Binut%20mediu%20de%20cofein%C4%83%22%2C%22value%22%3A%2240%22%7D%5D&#8221; options=&#8221;striped&#8221;][\/vc_column_inner][vc_column_inner width=&#8221;1\/3&#8243;][vc_column_text]<\/p>\n<h2 class=\"wpb_heading\" style=\"text-align: center;\"><span>NOTE AROMATE<\/span><\/h2>\n<p>[\/vc_column_text][vc_line_chart x_values=&#8221;SPEZIATE; CIOCCOLATA; FRUTTATO; FLOREALI;&#8221; values=&#8221;%5B%7B%22title%22%3A%22%25%20Note%20aromatiche%22%2C%22y_values%22%3A%2235%3B%2015%3B%2030%3B%2020%3B%22%2C%22color%22%3A%22orange%22%7D%5D&#8221;][\/vc_column_inner][vc_column_inner width=&#8221;1\/3&#8243;][vc_column_text]<\/p>\n<h2 class=\"wpb_heading wpb_progress_bar_heading\" style=\"text-align: center;\"><span>PROFIL ORGANOLEPTIC<\/span><\/h2>\n<p>[\/vc_column_text][vc_progress_bar values=&#8221;%5B%7B%22label%22%3A%22AROMATICITATE%22%2C%22value%22%3A%2280%22%7D%2C%7B%22label%22%3A%22CORP%22%2C%22value%22%3A%22100%22%7D%2C%7B%22label%22%3A%22INTENSITATE&#8217;%22%2C%22value%22%3A%2280%22%7D%5D&#8221; caption_pos=&#8221;top&#8221;][\/vc_column_inner][\/vc_row_inner][\/vc_column][\/vc_row]<\/p>\n","protected":false},"excerpt":{"rendered":"<p>[vc_row][vc_column width=&#8221;1\/2&#8243;][vc_column_text]Columbian Women Coffee Project este o cafea de specialitate produs\u0103 de o cooperativ\u0103 social\u0103 columbian\u0103 care asociaz\u0103 exclusiv femei, direct implicate \u00een produc\u021bia de cafea.\u00a0 Soiurile de Castillo, Columbia \u0219i Caturra care alc\u0103tuiesc acest lot cresc \u00een plin soare.\u00a0Recoltarea se face manual si procesata cu o fermentatie de 24 de ore.\u00a0Ulterior, boabele de acum&hellip;<\/p>\n","protected":false},"author":1,"featured_media":0,"parent":0,"menu_order":0,"comment_status":"closed","ping_status":"closed","template":"template-microsite.php","meta":{"footnotes":""},"class_list":["post-1181","page","type-page","status-publish","hentry","description-off"],"_links":{"self":[{"href":"https:\/\/goldenbrasilcoffee.ro\/index.php\/wp-json\/wp\/v2\/pages\/1181","targetHints":{"allow":["GET"]}}],"collection":[{"href":"https:\/\/goldenbrasilcoffee.ro\/index.php\/wp-json\/wp\/v2\/pages"}],"about":[{"href":"https:\/\/goldenbrasilcoffee.ro\/index.php\/wp-json\/wp\/v2\/types\/page"}],"author":[{"embeddable":true,"href":"https:\/\/goldenbrasilcoffee.ro\/index.php\/wp-json\/wp\/v2\/users\/1"}],"replies":[{"embeddable":true,"href":"https:\/\/goldenbrasilcoffee.ro\/index.php\/wp-json\/wp\/v2\/comments?post=1181"}],"version-history":[{"count":3,"href":"https:\/\/goldenbrasilcoffee.ro\/index.php\/wp-json\/wp\/v2\/pages\/1181\/revisions"}],"predecessor-version":[{"id":1186,"href":"https:\/\/goldenbrasilcoffee.ro\/index.php\/wp-json\/wp\/v2\/pages\/1181\/revisions\/1186"}],"wp:attachment":[{"href":"https:\/\/goldenbrasilcoffee.ro\/index.php\/wp-json\/wp\/v2\/media?parent=1181"}],"curies":[{"name":"wp","href":"https:\/\/api.w.org\/{rel}","templated":true}]}}