{"id":1009,"date":"2022-02-12T13:15:49","date_gmt":"2022-02-12T13:15:49","guid":{"rendered":"https:\/\/goldenbrasilcoffee.ro\/?page_id=1009"},"modified":"2022-02-12T13:18:36","modified_gmt":"2022-02-12T13:18:36","slug":"golden-red","status":"publish","type":"page","link":"https:\/\/goldenbrasilcoffee.ro\/index.php\/golden-red\/","title":{"rendered":"Golden Red"},"content":{"rendered":"<p>[vc_row][vc_column width=&#8221;1\/2&#8243;]<div id=\"ultimate-heading-502469f1dea7b2649\" class=\"uvc-heading ult-adjust-bottom-margin ultimate-heading-502469f1dea7b2649 uvc-9036  uvc-heading-default-font-sizes\" data-hspacer=\"line_only\"  data-halign=\"center\" style=\"text-align:center\"><div class=\"uvc-main-heading ult-responsive\"  data-ultimate-target='.uvc-heading.ultimate-heading-502469f1dea7b2649 h2'  data-responsive-json-new='{\"font-size\":\"\",\"line-height\":\"\"}' ><h2 style=\"--font-weight:theme;\">Golden Brown<\/h2><\/div><div class=\"uvc-heading-spacer line_only\" style=\"topheight:1px;\"><span class=\"uvc-headings-line\" style=\"border-style:solid;border-bottom-width:1px;border-color:#e7b35a;width:100px;\"><\/span><\/div><\/div>[vc_column_text]<span>Golden Red, Golden Brasil Coffee, cele mai bune calitati Arabica din zonele muntoase ale Americii Centrale sunt atent selectionate si printr-o prajire atenta si echilibrata.\u00a0<\/span><span>Ro\u0219u Auriu, se na\u0219te Brazilia Aurie.\u00a0<\/span><span>Un amestec bogat \u00een crem\u0103 care reu\u0219e\u0219te s\u0103 \u00eembine \u00een mod exemplar calit\u0103\u021bile pl\u0103cute cu un gust puternic.<\/span>[\/vc_column_text][vc_single_image image=&#8221;1012&#8243; img_size=&#8221;full&#8221;][\/vc_column][vc_column width=&#8221;1\/2&#8243;][vc_single_image image=&#8221;1011&#8243; img_size=&#8221;full&#8221;][\/vc_column][\/vc_row][vc_row][vc_column][vc_row_inner][vc_column_inner width=&#8221;1\/3&#8243;][vc_column_text]<\/p>\n<h2 class=\"wpb_heading wpb_progress_bar_heading\" style=\"text-align: center;\"><span>INFOGRAFIE<\/span><\/h2>\n<p>[\/vc_column_text][vc_progress_bar values=&#8221;%5B%7B%22label%22%3A%22Corpul%20b%C4%83uturii%22%2C%22value%22%3A%2250%22%7D%2C%7B%22label%22%3A%22Pr%C4%83jirea%22%2C%22value%22%3A%2250%22%7D%2C%7B%22label%22%3A%22Con%C8%9Binut%20mediu%20de%20cofein%C4%83%22%2C%22value%22%3A%2270%22%7D%5D&#8221; options=&#8221;striped&#8221;][\/vc_column_inner][vc_column_inner width=&#8221;1\/3&#8243;][vc_column_text]<\/p>\n<h2 class=\"wpb_heading\" style=\"text-align: center;\"><span>NOTE AROMATE<\/span><\/h2>\n<p>[\/vc_column_text][vc_line_chart x_values=&#8221;SPEZIATE; CIOCCOLATA; FRUTTATO; FLOREALI;&#8221; values=&#8221;%5B%7B%22title%22%3A%22%25%20Note%20aromatiche%22%2C%22y_values%22%3A%2220%3B%2010%3B%2060%3B%2010%3B%22%2C%22color%22%3A%22orange%22%7D%5D&#8221;][\/vc_column_inner][vc_column_inner width=&#8221;1\/3&#8243;][vc_column_text]<\/p>\n<h2 class=\"wpb_heading wpb_progress_bar_heading\" style=\"text-align: center;\"><span>PROFIL ORGANOLEPTIC<\/span><\/h2>\n<p>[\/vc_column_text][vc_progress_bar values=&#8221;%5B%7B%22label%22%3A%22AROMATICITATE%22%2C%22value%22%3A%2220%22%7D%2C%7B%22label%22%3A%22CORP%22%2C%22value%22%3A%22100%22%7D%2C%7B%22label%22%3A%22INTENSITATE&#8217;%22%2C%22value%22%3A%2280%22%7D%5D&#8221; caption_pos=&#8221;top&#8221;][\/vc_column_inner][\/vc_row_inner][\/vc_column][\/vc_row]<\/p>\n","protected":false},"excerpt":{"rendered":"<p>[vc_row][vc_column width=&#8221;1\/2&#8243;][vc_column_text]Golden Red, Golden Brasil Coffee, cele mai bune calitati Arabica din zonele muntoase ale Americii Centrale sunt atent selectionate si printr-o prajire atenta si echilibrata.\u00a0Ro\u0219u Auriu, se na\u0219te Brazilia Aurie.\u00a0Un amestec bogat \u00een crem\u0103 care reu\u0219e\u0219te s\u0103 \u00eembine \u00een mod exemplar calit\u0103\u021bile pl\u0103cute cu un gust puternic.[\/vc_column_text][vc_single_image image=&#8221;1012&#8243; img_size=&#8221;full&#8221;][\/vc_column][vc_column width=&#8221;1\/2&#8243;][vc_single_image image=&#8221;1011&#8243; img_size=&#8221;full&#8221;][\/vc_column][\/vc_row][vc_row][vc_column][vc_row_inner][vc_column_inner width=&#8221;1\/3&#8243;][vc_column_text] INFOGRAFIE&hellip;<\/p>\n","protected":false},"author":1,"featured_media":0,"parent":0,"menu_order":0,"comment_status":"closed","ping_status":"closed","template":"template-microsite.php","meta":{"footnotes":""},"class_list":["post-1009","page","type-page","status-publish","hentry","description-off"],"_links":{"self":[{"href":"https:\/\/goldenbrasilcoffee.ro\/index.php\/wp-json\/wp\/v2\/pages\/1009","targetHints":{"allow":["GET"]}}],"collection":[{"href":"https:\/\/goldenbrasilcoffee.ro\/index.php\/wp-json\/wp\/v2\/pages"}],"about":[{"href":"https:\/\/goldenbrasilcoffee.ro\/index.php\/wp-json\/wp\/v2\/types\/page"}],"author":[{"embeddable":true,"href":"https:\/\/goldenbrasilcoffee.ro\/index.php\/wp-json\/wp\/v2\/users\/1"}],"replies":[{"embeddable":true,"href":"https:\/\/goldenbrasilcoffee.ro\/index.php\/wp-json\/wp\/v2\/comments?post=1009"}],"version-history":[{"count":3,"href":"https:\/\/goldenbrasilcoffee.ro\/index.php\/wp-json\/wp\/v2\/pages\/1009\/revisions"}],"predecessor-version":[{"id":1014,"href":"https:\/\/goldenbrasilcoffee.ro\/index.php\/wp-json\/wp\/v2\/pages\/1009\/revisions\/1014"}],"wp:attachment":[{"href":"https:\/\/goldenbrasilcoffee.ro\/index.php\/wp-json\/wp\/v2\/media?parent=1009"}],"curies":[{"name":"wp","href":"https:\/\/api.w.org\/{rel}","templated":true}]}}